{"id":28464,"date":"2025-06-23T16:32:40","date_gmt":"2025-06-23T13:32:40","guid":{"rendered":"https:\/\/demirayforklift.com\/?post_type=product&#038;p=28464"},"modified":"2025-06-23T16:32:40","modified_gmt":"2025-06-23T13:32:40","slug":"deneme-urun","status":"publish","type":"product","link":"https:\/\/demirayforklift.com\/index.php\/urun\/deneme-urun\/","title":{"rendered":"Deneme \u00dcr\u00fcn"},"content":{"rendered":"<p>Deneme \u00dcr\u00fcn\u00fcd\u00fcr<\/p>\n","protected":false},"excerpt":{"rendered":"<p>K\u0131sa A\u00e7\u0131klama \u00dcr\u00fcn<\/p>\n","protected":false},"featured_media":0,"template":"","meta":[],"product_brand":[78],"product_cat":[88],"product_tag":[],"class_list":{"0":"post-28464","1":"product","2":"type-product","3":"status-publish","5":"product_brand-demiray-forklift","6":"product_cat-forklift","8":"first","9":"instock","10":"shipping-taxable","11":"product-type-simple"},"_links":{"self":[{"href":"https:\/\/demirayforklift.com\/index.php\/wp-json\/wp\/v2\/product\/28464","targetHints":{"allow":["GET"]}}],"collection":[{"href":"https:\/\/demirayforklift.com\/index.php\/wp-json\/wp\/v2\/product"}],"about":[{"href":"https:\/\/demirayforklift.com\/index.php\/wp-json\/wp\/v2\/types\/product"}],"version-history":[{"count":1,"href":"https:\/\/demirayforklift.com\/index.php\/wp-json\/wp\/v2\/product\/28464\/revisions"}],"predecessor-version":[{"id":28465,"href":"https:\/\/demirayforklift.com\/index.php\/wp-json\/wp\/v2\/product\/28464\/revisions\/28465"}],"wp:attachment":[{"href":"https:\/\/demirayforklift.com\/index.php\/wp-json\/wp\/v2\/media?parent=28464"}],"wp:term":[{"taxonomy":"product_brand","embeddable":true,"href":"https:\/\/demirayforklift.com\/index.php\/wp-json\/wp\/v2\/product_brand?post=28464"},{"taxonomy":"product_cat","embeddable":true,"href":"https:\/\/demirayforklift.com\/index.php\/wp-json\/wp\/v2\/product_cat?post=28464"},{"taxonomy":"product_tag","embeddable":true,"href":"https:\/\/demirayforklift.com\/index.php\/wp-json\/wp\/v2\/product_tag?post=28464"}],"curies":[{"name":"wp","href":"https:\/\/api.w.org\/{rel}","templated":true}]}}