{"id":28104,"date":"2025-05-23T09:21:01","date_gmt":"2025-05-23T06:21:01","guid":{"rendered":"http:\/\/demirayforklift.com\/?page_id=28104"},"modified":"2025-05-23T09:23:35","modified_gmt":"2025-05-23T06:23:35","slug":"insan-kaynaklari","status":"publish","type":"page","link":"https:\/\/demirayforklift.com\/index.php\/insan-kaynaklari\/","title":{"rendered":"\u0130nsan Kaynaklar\u0131"},"content":{"rendered":"\n<div class=\"wpcf7 no-js\" id=\"wpcf7-f28103-o1\" lang=\"tr-TR\" dir=\"ltr\" data-wpcf7-id=\"28103\">\n<div class=\"screen-reader-response\"><p role=\"status\" aria-live=\"polite\" aria-atomic=\"true\"><\/p> <ul><\/ul><\/div>\n<form action=\"\/index.php\/wp-json\/wp\/v2\/pages\/28104#wpcf7-f28103-o1\" method=\"post\" class=\"wpcf7-form init\" aria-label=\"\u0130leti\u015fim Formu\" novalidate=\"novalidate\" data-status=\"init\">\n<div style=\"display: none;\">\n<input type=\"hidden\" name=\"_wpcf7\" value=\"28103\" \/>\n<input type=\"hidden\" name=\"_wpcf7_version\" value=\"6.0.6\" \/>\n<input type=\"hidden\" name=\"_wpcf7_locale\" value=\"tr_TR\" \/>\n<input type=\"hidden\" name=\"_wpcf7_unit_tag\" value=\"wpcf7-f28103-o1\" \/>\n<input type=\"hidden\" name=\"_wpcf7_container_post\" value=\"0\" \/>\n<input type=\"hidden\" name=\"_wpcf7_posted_data_hash\" value=\"\" \/>\n<\/div>\n<h2>\u0130\u015f Ba\u015fvuru Formu\n<\/h2>\n<p><label>TC Kimlik No<br \/>\n<span class=\"wpcf7-form-control-wrap\" data-name=\"tc-kimlik-no\"><input size=\"40\" maxlength=\"400\" class=\"wpcf7-form-control wpcf7-text wpcf7-validates-as-required\" aria-required=\"true\" aria-invalid=\"false\" value=\"\" type=\"text\" name=\"tc-kimlik-no\" \/><\/span> <\/label>\n<\/p>\n<p><label>Ad Soyad<br \/>\n<span class=\"wpcf7-form-control-wrap\" data-name=\"ad-soyad\"><input size=\"40\" maxlength=\"400\" class=\"wpcf7-form-control wpcf7-text wpcf7-validates-as-required\" aria-required=\"true\" aria-invalid=\"false\" value=\"\" type=\"text\" name=\"ad-soyad\" \/><\/span> <\/label>\n<\/p>\n<p><label>Do\u011fum Tarihi<br \/>\n<span class=\"wpcf7-form-control-wrap\" data-name=\"dogum-tarihi\"><input class=\"wpcf7-form-control wpcf7-date wpcf7-validates-as-required wpcf7-validates-as-date\" aria-required=\"true\" aria-invalid=\"false\" value=\"\" type=\"date\" name=\"dogum-tarihi\" \/><\/span> <\/label>\n<\/p>\n<p><label>E-posta Adresi<br \/>\n<span class=\"wpcf7-form-control-wrap\" data-name=\"eposta\"><input size=\"40\" maxlength=\"400\" class=\"wpcf7-form-control wpcf7-email wpcf7-validates-as-required wpcf7-text wpcf7-validates-as-email\" aria-required=\"true\" aria-invalid=\"false\" value=\"\" type=\"email\" name=\"eposta\" \/><\/span> <\/label>\n<\/p>\n<p><label>Telefon<br \/>\n<span class=\"wpcf7-form-control-wrap\" data-name=\"telefon\"><input size=\"40\" maxlength=\"400\" class=\"wpcf7-form-control wpcf7-tel wpcf7-validates-as-required wpcf7-text wpcf7-validates-as-tel phone-input\" aria-required=\"true\" aria-invalid=\"false\" value=\"\" type=\"tel\" name=\"telefon\" \/><\/span> <\/label>\n<\/p>\n<p><label>\u00d6\u011frenim Durumu<br \/>\n<span class=\"wpcf7-form-control-wrap\" data-name=\"ogrenim\"><select class=\"wpcf7-form-control wpcf7-select wpcf7-validates-as-required\" aria-required=\"true\" aria-invalid=\"false\" name=\"ogrenim\"><option value=\"Ortaokul\">Ortaokul<\/option><option value=\"Lise\">Lise<\/option><option value=\"\u00d6nlisans\">\u00d6nlisans<\/option><option value=\"\u00dcniversite\">\u00dcniversite<\/option><option value=\"Y\u00fcksek Lisans\">Y\u00fcksek Lisans<\/option><\/select><\/span> <\/label>\n<\/p>\n<p><label>Okulun Ad\u0131<br \/>\n<span class=\"wpcf7-form-control-wrap\" data-name=\"okul-adi\"><input size=\"40\" maxlength=\"400\" class=\"wpcf7-form-control wpcf7-text\" aria-invalid=\"false\" value=\"\" type=\"text\" name=\"okul-adi\" \/><\/span> <\/label>\n<\/p>\n<p><label>B\u00f6l\u00fcm\u00fcn\u00fcz<br \/>\n<span class=\"wpcf7-form-control-wrap\" data-name=\"bolum\"><input size=\"40\" maxlength=\"400\" class=\"wpcf7-form-control wpcf7-text\" aria-invalid=\"false\" value=\"\" type=\"text\" name=\"bolum\" \/><\/span> <\/label>\n<\/p>\n<p><label>Yabanc\u0131 Dil<br \/>\n<span class=\"wpcf7-form-control-wrap\" data-name=\"yabanci-dil\"><select class=\"wpcf7-form-control wpcf7-select wpcf7-validates-as-required\" aria-required=\"true\" aria-invalid=\"false\" name=\"yabanci-dil\"><option value=\"\u0130ngilizce\">\u0130ngilizce<\/option><option value=\"Almanca\">Almanca<\/option><option value=\"Di\u011fer\">Di\u011fer<\/option><\/select><\/span> <\/label>\n<\/p>\n<p><label>\u0130\u015f Tecr\u00fcbesi<br \/>\n<span class=\"wpcf7-form-control-wrap\" data-name=\"is-tecrubesi\"><textarea cols=\"40\" rows=\"10\" maxlength=\"2000\" class=\"wpcf7-form-control wpcf7-textarea\" aria-invalid=\"false\" name=\"is-tecrubesi\"><\/textarea><\/span> <\/label>\n<\/p>\n<h3>Referanslar\u0131n\u0131z\n<\/h3>\n<p><label>Ad Soyad<br \/>\n<span class=\"wpcf7-form-control-wrap\" data-name=\"referans1-ad\"><input size=\"40\" maxlength=\"400\" class=\"wpcf7-form-control wpcf7-text\" aria-invalid=\"false\" value=\"\" type=\"text\" name=\"referans1-ad\" \/><\/span> <\/label>\n<\/p>\n<p><label>Telefon<br \/>\n<span class=\"wpcf7-form-control-wrap\" data-name=\"referans1-tel\"><input size=\"40\" maxlength=\"400\" class=\"wpcf7-form-control wpcf7-tel wpcf7-text wpcf7-validates-as-tel\" aria-invalid=\"false\" value=\"\" type=\"tel\" name=\"referans1-tel\" \/><\/span> <\/label>\n<\/p>\n<p><label>Ad Soyad<br \/>\n<span class=\"wpcf7-form-control-wrap\" data-name=\"referans2-ad\"><input size=\"40\" maxlength=\"400\" class=\"wpcf7-form-control wpcf7-text\" aria-invalid=\"false\" value=\"\" type=\"text\" name=\"referans2-ad\" \/><\/span> <\/label>\n<\/p>\n<p><label>Telefon<br \/>\n<span class=\"wpcf7-form-control-wrap\" data-name=\"referans2-tel\"><input size=\"40\" maxlength=\"400\" class=\"wpcf7-form-control wpcf7-tel wpcf7-text wpcf7-validates-as-tel\" aria-invalid=\"false\" value=\"\" type=\"tel\" name=\"referans2-tel\" \/><\/span> <\/label>\n<\/p>\n<h3>Son \u00c7al\u0131\u015ft\u0131\u011f\u0131n\u0131z Yerdeki\n<\/h3>\n<p><label>Ald\u0131\u011f\u0131n\u0131z \u00dccret<br \/>\n<span class=\"wpcf7-form-control-wrap\" data-name=\"aldiginiz-ucret\"><input size=\"40\" maxlength=\"400\" class=\"wpcf7-form-control wpcf7-text\" aria-invalid=\"false\" value=\"\" type=\"text\" name=\"aldiginiz-ucret\" \/><\/span> <\/label>\n<\/p>\n<p><label>Ayr\u0131l\u0131\u015f Sebebi<br \/>\n<span class=\"wpcf7-form-control-wrap\" data-name=\"ayrilis-sebebi\"><input size=\"40\" maxlength=\"400\" class=\"wpcf7-form-control wpcf7-text\" aria-invalid=\"false\" value=\"\" type=\"text\" name=\"ayrilis-sebebi\" \/><\/span> <\/label>\n<\/p>\n<h3>Di\u011fer Bilgiler\n<\/h3>\n<p><label>\u0130\u015fe Ne Zaman Ba\u015flayabilirsiniz?<br \/>\n<span class=\"wpcf7-form-control-wrap\" data-name=\"baslama-tarihi\"><input size=\"40\" maxlength=\"400\" class=\"wpcf7-form-control wpcf7-text\" aria-invalid=\"false\" value=\"\" type=\"text\" name=\"baslama-tarihi\" \/><\/span> <\/label>\n<\/p>\n<p><label>Talep Etti\u011finiz \u00dccret<br \/>\n<span class=\"wpcf7-form-control-wrap\" data-name=\"talep-ucret\"><input size=\"40\" maxlength=\"400\" class=\"wpcf7-form-control wpcf7-text\" aria-invalid=\"false\" value=\"\" type=\"text\" name=\"talep-ucret\" \/><\/span> <\/label>\n<\/p>\n<p><label>Askerli\u011finizi Yapt\u0131n\u0131z m\u0131?<br \/>\n<span class=\"wpcf7-form-control-wrap\" data-name=\"askerlik\"><select class=\"wpcf7-form-control wpcf7-select wpcf7-validates-as-required\" aria-required=\"true\" aria-invalid=\"false\" name=\"askerlik\"><option value=\"Evet\">Evet<\/option><option value=\"Hay\u0131r\">Hay\u0131r<\/option><option value=\"Tecilli\">Tecilli<\/option><\/select><\/span> <\/label>\n<\/p>\n<p><label>Seyahat Edebilir misiniz?<br \/>\n<span class=\"wpcf7-form-control-wrap\" data-name=\"seyahat\"><select class=\"wpcf7-form-control wpcf7-select wpcf7-validates-as-required\" aria-required=\"true\" aria-invalid=\"false\" name=\"seyahat\"><option value=\"Evet\">Evet<\/option><option value=\"Hay\u0131r\">Hay\u0131r<\/option><option value=\"Gerekli Durumda\">Gerekli Durumda<\/option><\/select><\/span> <\/label>\n<\/p>\n<p><label>Mesai Yapabilir misiniz?<br \/>\n<span class=\"wpcf7-form-control-wrap\" data-name=\"mesai\"><select class=\"wpcf7-form-control wpcf7-select wpcf7-validates-as-required\" aria-required=\"true\" aria-invalid=\"false\" name=\"mesai\"><option value=\"Evet\">Evet<\/option><option value=\"Hay\u0131r\">Hay\u0131r<\/option><option value=\"Gerekli Durumda\">Gerekli Durumda<\/option><\/select><\/span> <\/label>\n<\/p>\n<p><label>Herhangi Bir Sa\u011fl\u0131k Probleminiz Var m\u0131?<br \/>\n<span class=\"wpcf7-form-control-wrap\" data-name=\"saglik-problemi\"><input size=\"40\" maxlength=\"400\" class=\"wpcf7-form-control wpcf7-text\" aria-invalid=\"false\" value=\"\" type=\"text\" name=\"saglik-problemi\" \/><\/span> <\/label>\n<\/p>\n<p><label>Bilgisayar Bilgisi<br \/>\n<span class=\"wpcf7-form-control-wrap\" data-name=\"bilgisayar-bilgisi\"><textarea cols=\"40\" rows=\"10\" maxlength=\"2000\" class=\"wpcf7-form-control wpcf7-textarea\" aria-invalid=\"false\" name=\"bilgisayar-bilgisi\"><\/textarea><\/span> <\/label>\n<\/p>\n<p><input class=\"wpcf7-form-control wpcf7-submit has-spinner\" type=\"submit\" value=\"Ba\u015fvuruyu G\u00f6nder\" \/>\n<\/p><div class=\"wpcf7-response-output\" aria-hidden=\"true\"><\/div>\n<\/form>\n<\/div>\n","protected":false},"excerpt":{"rendered":"","protected":false},"author":1,"featured_media":0,"parent":0,"menu_order":0,"comment_status":"closed","ping_status":"closed","template":"","meta":{"footnotes":""},"class_list":["post-28104","page","type-page","status-publish","hentry"],"_links":{"self":[{"href":"https:\/\/demirayforklift.com\/index.php\/wp-json\/wp\/v2\/pages\/28104","targetHints":{"allow":["GET"]}}],"collection":[{"href":"https:\/\/demirayforklift.com\/index.php\/wp-json\/wp\/v2\/pages"}],"about":[{"href":"https:\/\/demirayforklift.com\/index.php\/wp-json\/wp\/v2\/types\/page"}],"author":[{"embeddable":true,"href":"https:\/\/demirayforklift.com\/index.php\/wp-json\/wp\/v2\/users\/1"}],"replies":[{"embeddable":true,"href":"https:\/\/demirayforklift.com\/index.php\/wp-json\/wp\/v2\/comments?post=28104"}],"version-history":[{"count":1,"href":"https:\/\/demirayforklift.com\/index.php\/wp-json\/wp\/v2\/pages\/28104\/revisions"}],"predecessor-version":[{"id":28105,"href":"https:\/\/demirayforklift.com\/index.php\/wp-json\/wp\/v2\/pages\/28104\/revisions\/28105"}],"wp:attachment":[{"href":"https:\/\/demirayforklift.com\/index.php\/wp-json\/wp\/v2\/media?parent=28104"}],"curies":[{"name":"wp","href":"https:\/\/api.w.org\/{rel}","templated":true}]}}